{"id":1787,"date":"2021-12-20T10:42:56","date_gmt":"2021-12-20T10:42:56","guid":{"rendered":"https:\/\/merotif.com\/rolunk\/"},"modified":"2022-02-02T06:03:04","modified_gmt":"2022-02-02T06:03:04","slug":"rolunk","status":"publish","type":"page","link":"https:\/\/merotif.com\/hu\/rolunk\/","title":{"rendered":"R\u00f3lunk"},"content":{"rendered":"\t\t<div data-elementor-type=\"wp-page\" data-elementor-id=\"1787\" class=\"elementor elementor-1787 elementor-15\">\n\t\t\t\t\t\t\t\t\t<section class=\"elementor-section elementor-top-section elementor-element elementor-element-38eaaac elementor-section-height-min-height elementor-section-boxed elementor-section-height-default elementor-section-items-middle\" data-id=\"38eaaac\" data-element_type=\"section\" data-settings=\"{&quot;background_background&quot;:&quot;classic&quot;}\">\n\t\t\t\t\t\t\t<div class=\"elementor-background-overlay\"><\/div>\n\t\t\t\t\t\t\t<div class=\"elementor-container elementor-column-gap-default\">\n\t\t\t\t\t<div class=\"elementor-column elementor-col-100 elementor-top-column elementor-element elementor-element-2abbd15\" data-id=\"2abbd15\" data-element_type=\"column\">\n\t\t\t<div class=\"elementor-widget-wrap elementor-element-populated\">\n\t\t\t\t\t\t\t\t<div class=\"elementor-element elementor-element-77973cc elementor-widget elementor-widget-heading\" data-id=\"77973cc\" data-element_type=\"widget\" data-widget_type=\"heading.default\">\n\t\t\t\t<div class=\"elementor-widget-container\">\n\t\t\t<style>\/*! elementor - v3.8.1 - 13-11-2022 *\/\n.elementor-heading-title{padding:0;margin:0;line-height:1}.elementor-widget-heading .elementor-heading-title[class*=elementor-size-]>a{color:inherit;font-size:inherit;line-height:inherit}.elementor-widget-heading .elementor-heading-title.elementor-size-small{font-size:15px}.elementor-widget-heading .elementor-heading-title.elementor-size-medium{font-size:19px}.elementor-widget-heading .elementor-heading-title.elementor-size-large{font-size:29px}.elementor-widget-heading .elementor-heading-title.elementor-size-xl{font-size:39px}.elementor-widget-heading .elementor-heading-title.elementor-size-xxl{font-size:59px}<\/style><h2 class=\"elementor-heading-title elementor-size-default\">R\u00f3lunk<\/h2>\t\t<\/div>\n\t\t\t\t<\/div>\n\t\t\t\t\t<\/div>\n\t\t<\/div>\n\t\t\t\t\t\t\t<\/div>\n\t\t<\/section>\n\t\t\t\t<section class=\"elementor-section elementor-top-section elementor-element elementor-element-a29c0bc elementor-reverse-mobile elementor-section-boxed elementor-section-height-default elementor-section-height-default\" data-id=\"a29c0bc\" data-element_type=\"section\" data-settings=\"{&quot;background_background&quot;:&quot;classic&quot;}\">\n\t\t\t\t\t\t\t<div class=\"elementor-background-overlay\"><\/div>\n\t\t\t\t\t\t\t<div class=\"elementor-container elementor-column-gap-default\">\n\t\t\t\t\t<div class=\"elementor-column elementor-col-50 elementor-top-column elementor-element elementor-element-80b4f10\" data-id=\"80b4f10\" data-element_type=\"column\">\n\t\t\t<div class=\"elementor-widget-wrap elementor-element-populated\">\n\t\t\t\t\t\t\t\t<section class=\"elementor-section elementor-inner-section elementor-element elementor-element-cd9ad8d elementor-section-boxed elementor-section-height-default elementor-section-height-default\" data-id=\"cd9ad8d\" data-element_type=\"section\">\n\t\t\t\t\t\t<div class=\"elementor-container elementor-column-gap-default\">\n\t\t\t\t\t<div class=\"elementor-column elementor-col-50 elementor-inner-column elementor-element elementor-element-54f426e\" data-id=\"54f426e\" data-element_type=\"column\">\n\t\t\t<div class=\"elementor-widget-wrap elementor-element-populated\">\n\t\t\t\t\t\t\t\t<div class=\"elementor-element elementor-element-003a79f elementor-invisible elementor-widget elementor-widget-image\" data-id=\"003a79f\" data-element_type=\"widget\" data-settings=\"{&quot;_animation&quot;:&quot;fadeInDown&quot;}\" data-widget_type=\"image.default\">\n\t\t\t\t<div class=\"elementor-widget-container\">\n\t\t\t<style>\/*! elementor - v3.8.1 - 13-11-2022 *\/\n.elementor-widget-image{text-align:center}.elementor-widget-image a{display:inline-block}.elementor-widget-image a img[src$=\".svg\"]{width:48px}.elementor-widget-image img{vertical-align:middle;display:inline-block}<\/style>\t\t\t\t\t\t\t\t\t\t\t\t<img loading=\"lazy\" decoding=\"async\" width=\"2560\" height=\"2560\" src=\"https:\/\/merotif.com\/wp-content\/uploads\/2022\/01\/20210819_123356-scaled.jpg\" class=\"attachment-full size-full\" alt=\"\" srcset=\"https:\/\/merotif.com\/wp-content\/uploads\/2022\/01\/20210819_123356-scaled.jpg 2560w, https:\/\/merotif.com\/wp-content\/uploads\/2022\/01\/20210819_123356-300x300.jpg 300w, https:\/\/merotif.com\/wp-content\/uploads\/2022\/01\/20210819_123356-1024x1024.jpg 1024w, https:\/\/merotif.com\/wp-content\/uploads\/2022\/01\/20210819_123356-150x150.jpg 150w, https:\/\/merotif.com\/wp-content\/uploads\/2022\/01\/20210819_123356-768x768.jpg 768w, https:\/\/merotif.com\/wp-content\/uploads\/2022\/01\/20210819_123356-1536x1536.jpg 1536w, https:\/\/merotif.com\/wp-content\/uploads\/2022\/01\/20210819_123356-2048x2048.jpg 2048w, https:\/\/merotif.com\/wp-content\/uploads\/2022\/01\/20210819_123356-600x600.jpg 600w, https:\/\/merotif.com\/wp-content\/uploads\/2022\/01\/20210819_123356-100x100.jpg 100w\" sizes=\"auto, (max-width: 2560px) 100vw, 2560px\" \/>\t\t\t\t\t\t\t\t\t\t\t\t\t\t\t<\/div>\n\t\t\t\t<\/div>\n\t\t\t\t\t<\/div>\n\t\t<\/div>\n\t\t\t\t<div class=\"elementor-column elementor-col-50 elementor-inner-column elementor-element elementor-element-55cadc7 elementor-hidden-mobile\" data-id=\"55cadc7\" data-element_type=\"column\">\n\t\t\t<div class=\"elementor-widget-wrap\">\n\t\t\t\t\t\t\t\t\t<\/div>\n\t\t<\/div>\n\t\t\t\t\t\t\t<\/div>\n\t\t<\/section>\n\t\t\t\t<section class=\"elementor-section elementor-inner-section elementor-element elementor-element-d30966e elementor-reverse-mobile elementor-hidden-mobile elementor-section-boxed elementor-section-height-default elementor-section-height-default\" data-id=\"d30966e\" data-element_type=\"section\">\n\t\t\t\t\t\t<div class=\"elementor-container elementor-column-gap-default\">\n\t\t\t\t\t<div class=\"elementor-column elementor-col-50 elementor-inner-column elementor-element elementor-element-0b6fee0 elementor-hidden-mobile\" data-id=\"0b6fee0\" data-element_type=\"column\">\n\t\t\t<div class=\"elementor-widget-wrap\">\n\t\t\t\t\t\t\t\t\t<\/div>\n\t\t<\/div>\n\t\t\t\t<div class=\"elementor-column elementor-col-50 elementor-inner-column elementor-element elementor-element-84bd93c\" data-id=\"84bd93c\" data-element_type=\"column\">\n\t\t\t<div class=\"elementor-widget-wrap elementor-element-populated\">\n\t\t\t\t\t\t\t\t<div class=\"elementor-element elementor-element-6c45d96 elementor-invisible elementor-widget elementor-widget-image\" data-id=\"6c45d96\" data-element_type=\"widget\" data-settings=\"{&quot;_animation&quot;:&quot;fadeInUp&quot;}\" data-widget_type=\"image.default\">\n\t\t\t\t<div class=\"elementor-widget-container\">\n\t\t\t\t\t\t\t\t\t\t\t\t\t\t\t<img loading=\"lazy\" decoding=\"async\" width=\"1024\" height=\"1024\" src=\"https:\/\/merotif.com\/wp-content\/uploads\/2022\/01\/20210628_180125-1024x1024.jpg\" class=\"attachment-large size-large\" alt=\"\" srcset=\"https:\/\/merotif.com\/wp-content\/uploads\/2022\/01\/20210628_180125-1024x1024.jpg 1024w, https:\/\/merotif.com\/wp-content\/uploads\/2022\/01\/20210628_180125-300x300.jpg 300w, https:\/\/merotif.com\/wp-content\/uploads\/2022\/01\/20210628_180125-150x150.jpg 150w, https:\/\/merotif.com\/wp-content\/uploads\/2022\/01\/20210628_180125-768x768.jpg 768w, https:\/\/merotif.com\/wp-content\/uploads\/2022\/01\/20210628_180125-1536x1536.jpg 1536w, https:\/\/merotif.com\/wp-content\/uploads\/2022\/01\/20210628_180125-2048x2048.jpg 2048w, https:\/\/merotif.com\/wp-content\/uploads\/2022\/01\/20210628_180125-600x600.jpg 600w, https:\/\/merotif.com\/wp-content\/uploads\/2022\/01\/20210628_180125-100x100.jpg 100w\" sizes=\"auto, (max-width: 1024px) 100vw, 1024px\" \/>\t\t\t\t\t\t\t\t\t\t\t\t\t\t\t<\/div>\n\t\t\t\t<\/div>\n\t\t\t\t\t<\/div>\n\t\t<\/div>\n\t\t\t\t\t\t\t<\/div>\n\t\t<\/section>\n\t\t\t\t\t<\/div>\n\t\t<\/div>\n\t\t\t\t<div class=\"elementor-column elementor-col-50 elementor-top-column elementor-element elementor-element-9db680c\" data-id=\"9db680c\" data-element_type=\"column\">\n\t\t\t<div class=\"elementor-widget-wrap elementor-element-populated\">\n\t\t\t\t\t\t\t\t<div class=\"elementor-element elementor-element-8030c93 elementor-widget elementor-widget-heading\" data-id=\"8030c93\" data-element_type=\"widget\" data-widget_type=\"heading.default\">\n\t\t\t\t<div class=\"elementor-widget-container\">\n\t\t\t<h1 class=\"elementor-heading-title elementor-size-default\">Merotif SRL<\/h1>\t\t<\/div>\n\t\t\t\t<\/div>\n\t\t\t\t<div class=\"elementor-element elementor-element-1d4944e elementor-widget-divider--view-line elementor-widget elementor-widget-divider\" data-id=\"1d4944e\" data-element_type=\"widget\" data-widget_type=\"divider.default\">\n\t\t\t\t<div class=\"elementor-widget-container\">\n\t\t\t<style>\/*! elementor - v3.8.1 - 13-11-2022 *\/\n.elementor-widget-divider{--divider-border-style:none;--divider-border-width:1px;--divider-color:#2c2c2c;--divider-icon-size:20px;--divider-element-spacing:10px;--divider-pattern-height:24px;--divider-pattern-size:20px;--divider-pattern-url:none;--divider-pattern-repeat:repeat-x}.elementor-widget-divider .elementor-divider{display:-webkit-box;display:-ms-flexbox;display:flex}.elementor-widget-divider .elementor-divider__text{font-size:15px;line-height:1;max-width:95%}.elementor-widget-divider .elementor-divider__element{margin:0 var(--divider-element-spacing);-ms-flex-negative:0;flex-shrink:0}.elementor-widget-divider .elementor-icon{font-size:var(--divider-icon-size)}.elementor-widget-divider .elementor-divider-separator{display:-webkit-box;display:-ms-flexbox;display:flex;margin:0;direction:ltr}.elementor-widget-divider--view-line_icon .elementor-divider-separator,.elementor-widget-divider--view-line_text .elementor-divider-separator{-webkit-box-align:center;-ms-flex-align:center;align-items:center}.elementor-widget-divider--view-line_icon .elementor-divider-separator:after,.elementor-widget-divider--view-line_icon .elementor-divider-separator:before,.elementor-widget-divider--view-line_text .elementor-divider-separator:after,.elementor-widget-divider--view-line_text .elementor-divider-separator:before{display:block;content:\"\";border-bottom:0;-webkit-box-flex:1;-ms-flex-positive:1;flex-grow:1;border-top:var(--divider-border-width) var(--divider-border-style) var(--divider-color)}.elementor-widget-divider--element-align-left .elementor-divider .elementor-divider-separator>.elementor-divider__svg:first-of-type{-webkit-box-flex:0;-ms-flex-positive:0;flex-grow:0;-ms-flex-negative:100;flex-shrink:100}.elementor-widget-divider--element-align-left .elementor-divider-separator:before{content:none}.elementor-widget-divider--element-align-left .elementor-divider__element{margin-left:0}.elementor-widget-divider--element-align-right .elementor-divider .elementor-divider-separator>.elementor-divider__svg:last-of-type{-webkit-box-flex:0;-ms-flex-positive:0;flex-grow:0;-ms-flex-negative:100;flex-shrink:100}.elementor-widget-divider--element-align-right .elementor-divider-separator:after{content:none}.elementor-widget-divider--element-align-right .elementor-divider__element{margin-right:0}.elementor-widget-divider:not(.elementor-widget-divider--view-line_text):not(.elementor-widget-divider--view-line_icon) .elementor-divider-separator{border-top:var(--divider-border-width) var(--divider-border-style) var(--divider-color)}.elementor-widget-divider--separator-type-pattern{--divider-border-style:none}.elementor-widget-divider--separator-type-pattern.elementor-widget-divider--view-line .elementor-divider-separator,.elementor-widget-divider--separator-type-pattern:not(.elementor-widget-divider--view-line) .elementor-divider-separator:after,.elementor-widget-divider--separator-type-pattern:not(.elementor-widget-divider--view-line) .elementor-divider-separator:before,.elementor-widget-divider--separator-type-pattern:not([class*=elementor-widget-divider--view]) .elementor-divider-separator{width:100%;min-height:var(--divider-pattern-height);-webkit-mask-size:var(--divider-pattern-size) 100%;mask-size:var(--divider-pattern-size) 100%;-webkit-mask-repeat:var(--divider-pattern-repeat);mask-repeat:var(--divider-pattern-repeat);background-color:var(--divider-color);-webkit-mask-image:var(--divider-pattern-url);mask-image:var(--divider-pattern-url)}.elementor-widget-divider--no-spacing{--divider-pattern-size:auto}.elementor-widget-divider--bg-round{--divider-pattern-repeat:round}.rtl .elementor-widget-divider .elementor-divider__text{direction:rtl}.e-con-inner>.elementor-widget-divider,.e-con>.elementor-widget-divider{width:var(--container-widget-width,100%)}<\/style>\t\t<div class=\"elementor-divider\">\n\t\t\t<span class=\"elementor-divider-separator\">\n\t\t\t\t\t\t<\/span>\n\t\t<\/div>\n\t\t\t\t<\/div>\n\t\t\t\t<\/div>\n\t\t\t\t<div class=\"elementor-element elementor-element-03a930e elementor-widget elementor-widget-text-editor\" data-id=\"03a930e\" data-element_type=\"widget\" data-settings=\"{&quot;_animation_mobile&quot;:&quot;none&quot;}\" data-widget_type=\"text-editor.default\">\n\t\t\t\t<div class=\"elementor-widget-container\">\n\t\t\t<style>\/*! elementor - v3.8.1 - 13-11-2022 *\/\n.elementor-widget-text-editor.elementor-drop-cap-view-stacked .elementor-drop-cap{background-color:#818a91;color:#fff}.elementor-widget-text-editor.elementor-drop-cap-view-framed .elementor-drop-cap{color:#818a91;border:3px solid;background-color:transparent}.elementor-widget-text-editor:not(.elementor-drop-cap-view-default) .elementor-drop-cap{margin-top:8px}.elementor-widget-text-editor:not(.elementor-drop-cap-view-default) .elementor-drop-cap-letter{width:1em;height:1em}.elementor-widget-text-editor .elementor-drop-cap{float:left;text-align:center;line-height:1;font-size:50px}.elementor-widget-text-editor .elementor-drop-cap-letter{display:inline-block}<\/style>\t\t\t\t<p><strong>A Merotif SRL<\/strong> c\u00e9get <strong> 2014-ben<\/strong> alap\u00edtott\u00e1k mag\u00e1nt\u0151k\u00e9b\u0151l, <strong>25 \u00e9ves tapasztalattal<\/strong> rendelkez\u0151 szakemberek az \u00e9p\u00edtkez\u00e9s, fel\u00faj\u00edt\u00e1s \u00e9s restaur\u00e1l\u00e1s ter\u00fclet\u00e9n.<\/p>\r\n\r\n<p>Azzal a sz\u00e1nd\u00e9kkal, hogy az \u00e9p\u00edt\u0151iparon t\u00fal, a szerel\u00e9sek \u00e9s a befejez\u0151 munk\u00e1latok ter\u00fclet\u00e9re is kiterjedt\u00fcnk, \u00edgy ma m\u00e1r <strong>teljesk\u00f6r\u0171 \u00e9p\u00edtkez\u00e9si \u00e9s szerel\u00e9si munk\u00e1kat ny\u00fajtunk, bele\u00e9rtve a hotelfel\u00faj\u00edt\u00e1sokat \u00e9s a r\u00e9gi \u00e9p\u00fcletek restaur\u00e1l\u00e1s\u00e1t is<\/strong>. Mivel mott\u00f3nk az &#8222;el\u00e9gedett \u00fcgyf\u00e9l&#8221;, igyeksz\u00fcnk folyamatosan fejl\u0151dni mind szakmailag, mind fizikailag.\r\n<\/p>\r\n<p>Csapatunk <strong>k\u0151m\u0171vesekb\u0151l, szakemberekb\u0151l, szakmunk\u00e1sokb\u00f3l \u00e9s seg\u00e9dmunk\u00e1sokb\u00f3l<\/strong> \u00e1ll, akik mind fontos szerepet j\u00e1tszanak az \u00e9p\u00edtkez\u00e9si \u00e9s szerel\u00e9si munk\u00e1k k\u00fcl\u00f6nb\u00f6z\u0151 szakaszaiban.\r\n<\/p>\r\n<p><strong>A Merotif SRL 2020 \u00f3ta egy\u00fcttm\u0171k\u00f6dik a Wavin<\/strong> Hungary c\u00e9ggel, amely m\u0171anyag cs\u00f6veket, csatorn\u00e1kat \u00e9s alkatr\u00e9szeket gy\u00e1rt \u00e9s forgalmaz, melyeket a Merotif SRL weboldal\u00e1n is megtekinthet \u00e9s megv\u00e1s\u00e1rolhat.<\/p>\r\n\r\n<p>A j\u00f6v\u0151ben <strong>tervezz\u00fck szolg\u00e1ltat\u00e1saink b\u0151v\u00edt\u00e9s\u00e9t<\/strong>, a h\u0151szivatty\u00fak szerel\u00e9s\u00e9vel \u00e9s szervizel\u00e9s\u00e9vel, fest\u00e9kek forgalmaz\u00e1s\u00e1val, illetve professzion\u00e1lis tap\u00e9t\u00e1z\u00e1ssal szeretn\u00e9nk egy szerel\u0151\u00fczletet nyitni.<\/p>\t\t\t\t\t\t<\/div>\n\t\t\t\t<\/div>\n\t\t\t\t\t<\/div>\n\t\t<\/div>\n\t\t\t\t\t\t\t<\/div>\n\t\t<\/section>\n\t\t\t\t<section class=\"elementor-section elementor-top-section elementor-element elementor-element-e1941df elementor-section-boxed elementor-section-height-default elementor-section-height-default\" data-id=\"e1941df\" data-element_type=\"section\" data-settings=\"{&quot;background_background&quot;:&quot;classic&quot;}\">\n\t\t\t\t\t\t\t<div class=\"elementor-background-overlay\"><\/div>\n\t\t\t\t\t\t\t<div class=\"elementor-container elementor-column-gap-default\">\n\t\t\t\t\t<div class=\"elementor-column elementor-col-33 elementor-top-column elementor-element elementor-element-78e44c2 elementor-invisible\" data-id=\"78e44c2\" data-element_type=\"column\" data-settings=\"{&quot;animation&quot;:&quot;fadeInLeft&quot;}\">\n\t\t\t<div class=\"elementor-widget-wrap elementor-element-populated\">\n\t\t\t\t\t\t\t\t<div class=\"elementor-element elementor-element-3b07a07 elementor-widget elementor-widget-image\" data-id=\"3b07a07\" data-element_type=\"widget\" data-widget_type=\"image.default\">\n\t\t\t\t<div class=\"elementor-widget-container\">\n\t\t\t\t\t\t\t\t\t\t\t\t\t\t\t<img loading=\"lazy\" decoding=\"async\" width=\"512\" height=\"512\" src=\"https:\/\/merotif.com\/wp-content\/uploads\/2022\/01\/image-7.png\" class=\"attachment-full size-full\" alt=\"\" srcset=\"https:\/\/merotif.com\/wp-content\/uploads\/2022\/01\/image-7.png 512w, https:\/\/merotif.com\/wp-content\/uploads\/2022\/01\/image-7-300x300.png 300w, https:\/\/merotif.com\/wp-content\/uploads\/2022\/01\/image-7-150x150.png 150w, https:\/\/merotif.com\/wp-content\/uploads\/2022\/01\/image-7-100x100.png 100w\" sizes=\"auto, (max-width: 512px) 100vw, 512px\" \/>\t\t\t\t\t\t\t\t\t\t\t\t\t\t\t<\/div>\n\t\t\t\t<\/div>\n\t\t\t\t<div class=\"elementor-element elementor-element-be37175 elementor-widget elementor-widget-heading\" data-id=\"be37175\" data-element_type=\"widget\" data-widget_type=\"heading.default\">\n\t\t\t\t<div class=\"elementor-widget-container\">\n\t\t\t<h1 class=\"elementor-heading-title elementor-size-default\">Szakszer\u0171s\u00e9g<\/h1>\t\t<\/div>\n\t\t\t\t<\/div>\n\t\t\t\t\t<\/div>\n\t\t<\/div>\n\t\t\t\t<div class=\"elementor-column elementor-col-33 elementor-top-column elementor-element elementor-element-828e832 elementor-invisible\" data-id=\"828e832\" data-element_type=\"column\" data-settings=\"{&quot;animation&quot;:&quot;fadeInUp&quot;}\">\n\t\t\t<div class=\"elementor-widget-wrap elementor-element-populated\">\n\t\t\t\t\t\t\t\t<div class=\"elementor-element elementor-element-7b84ada elementor-widget elementor-widget-image\" data-id=\"7b84ada\" data-element_type=\"widget\" data-widget_type=\"image.default\">\n\t\t\t\t<div class=\"elementor-widget-container\">\n\t\t\t\t\t\t\t\t\t\t\t\t\t\t\t<img loading=\"lazy\" decoding=\"async\" width=\"512\" height=\"512\" src=\"https:\/\/merotif.com\/wp-content\/uploads\/2022\/01\/image-6.png\" class=\"attachment-full size-full\" alt=\"\" srcset=\"https:\/\/merotif.com\/wp-content\/uploads\/2022\/01\/image-6.png 512w, https:\/\/merotif.com\/wp-content\/uploads\/2022\/01\/image-6-300x300.png 300w, https:\/\/merotif.com\/wp-content\/uploads\/2022\/01\/image-6-150x150.png 150w, https:\/\/merotif.com\/wp-content\/uploads\/2022\/01\/image-6-100x100.png 100w\" sizes=\"auto, (max-width: 512px) 100vw, 512px\" \/>\t\t\t\t\t\t\t\t\t\t\t\t\t\t\t<\/div>\n\t\t\t\t<\/div>\n\t\t\t\t<div class=\"elementor-element elementor-element-cf5205c elementor-widget elementor-widget-heading\" data-id=\"cf5205c\" data-element_type=\"widget\" data-widget_type=\"heading.default\">\n\t\t\t\t<div class=\"elementor-widget-container\">\n\t\t\t<h1 class=\"elementor-heading-title elementor-size-default\">Lelem\u00e9nyess\u00e9g<\/h1>\t\t<\/div>\n\t\t\t\t<\/div>\n\t\t\t\t\t<\/div>\n\t\t<\/div>\n\t\t\t\t<div class=\"elementor-column elementor-col-33 elementor-top-column elementor-element elementor-element-d331159 elementor-invisible\" data-id=\"d331159\" data-element_type=\"column\" data-settings=\"{&quot;animation&quot;:&quot;fadeInRight&quot;}\">\n\t\t\t<div class=\"elementor-widget-wrap elementor-element-populated\">\n\t\t\t\t\t\t\t\t<div class=\"elementor-element elementor-element-70fd0dd elementor-widget elementor-widget-image\" data-id=\"70fd0dd\" data-element_type=\"widget\" data-widget_type=\"image.default\">\n\t\t\t\t<div class=\"elementor-widget-container\">\n\t\t\t\t\t\t\t\t\t\t\t\t\t\t\t<img loading=\"lazy\" decoding=\"async\" width=\"512\" height=\"512\" src=\"https:\/\/merotif.com\/wp-content\/uploads\/2022\/01\/image-5.png\" class=\"attachment-full size-full\" alt=\"\" srcset=\"https:\/\/merotif.com\/wp-content\/uploads\/2022\/01\/image-5.png 512w, https:\/\/merotif.com\/wp-content\/uploads\/2022\/01\/image-5-300x300.png 300w, https:\/\/merotif.com\/wp-content\/uploads\/2022\/01\/image-5-150x150.png 150w, https:\/\/merotif.com\/wp-content\/uploads\/2022\/01\/image-5-100x100.png 100w\" sizes=\"auto, (max-width: 512px) 100vw, 512px\" \/>\t\t\t\t\t\t\t\t\t\t\t\t\t\t\t<\/div>\n\t\t\t\t<\/div>\n\t\t\t\t<div class=\"elementor-element elementor-element-c49b166 elementor-widget elementor-widget-heading\" data-id=\"c49b166\" data-element_type=\"widget\" data-widget_type=\"heading.default\">\n\t\t\t\t<div class=\"elementor-widget-container\">\n\t\t\t<h1 class=\"elementor-heading-title elementor-size-default\">Egy\u00fcttm\u0171k\u00f6d\u00e9s<\/h1>\t\t<\/div>\n\t\t\t\t<\/div>\n\t\t\t\t\t<\/div>\n\t\t<\/div>\n\t\t\t\t\t\t\t<\/div>\n\t\t<\/section>\n\t\t\t\t<section class=\"elementor-section elementor-top-section elementor-element elementor-element-f053f76 elementor-section-boxed elementor-section-height-default elementor-section-height-default\" data-id=\"f053f76\" data-element_type=\"section\" data-settings=\"{&quot;background_background&quot;:&quot;classic&quot;}\">\n\t\t\t\t\t\t<div class=\"elementor-container elementor-column-gap-default\">\n\t\t\t\t\t<div class=\"elementor-column elementor-col-50 elementor-top-column elementor-element elementor-element-89dd323\" data-id=\"89dd323\" data-element_type=\"column\">\n\t\t\t<div class=\"elementor-widget-wrap elementor-element-populated\">\n\t\t\t\t\t\t\t\t<div class=\"elementor-element elementor-element-bb5ee78 elementor-widget elementor-widget-heading\" data-id=\"bb5ee78\" data-element_type=\"widget\" data-widget_type=\"heading.default\">\n\t\t\t\t<div class=\"elementor-widget-container\">\n\t\t\t<h2 class=\"elementor-heading-title elementor-size-default\">Egy el\u00e9gedett \u00fcgyf\u00e9l\u00e9rt!<\/h2>\t\t<\/div>\n\t\t\t\t<\/div>\n\t\t\t\t<div class=\"elementor-element elementor-element-795cb49 elementor-widget elementor-widget-heading\" data-id=\"795cb49\" data-element_type=\"widget\" data-widget_type=\"heading.default\">\n\t\t\t\t<div class=\"elementor-widget-container\">\n\t\t\t<h2 class=\"elementor-heading-title elementor-size-default\">Fordulj hozz\u00e1nk bizalommal!<\/h2>\t\t<\/div>\n\t\t\t\t<\/div>\n\t\t\t\t\t<\/div>\n\t\t<\/div>\n\t\t\t\t<div class=\"elementor-column elementor-col-50 elementor-top-column elementor-element elementor-element-1b3dc1b\" data-id=\"1b3dc1b\" data-element_type=\"column\">\n\t\t\t<div class=\"elementor-widget-wrap elementor-element-populated\">\n\t\t\t\t\t\t\t\t<div class=\"elementor-element elementor-element-fb5ff33 elementor-align-right elementor-mobile-align-right elementor-icon-list--layout-traditional elementor-list-item-link-full_width elementor-widget elementor-widget-icon-list\" data-id=\"fb5ff33\" data-element_type=\"widget\" data-widget_type=\"icon-list.default\">\n\t\t\t\t<div class=\"elementor-widget-container\">\n\t\t\t<link rel=\"stylesheet\" href=\"https:\/\/merotif.com\/wp-content\/plugins\/elementor\/assets\/css\/widget-icon-list.min.css\">\t\t<ul class=\"elementor-icon-list-items\">\n\t\t\t\t\t\t\t<li class=\"elementor-icon-list-item\">\n\t\t\t\t\t\t\t\t\t\t\t<a href=\"tel:0757061313\">\n\n\t\t\t\t\t\t\t\t\t\t\t\t<span class=\"elementor-icon-list-icon\">\n\t\t\t\t\t\t\t<i aria-hidden=\"true\" class=\"fas fa-phone-volume\"><\/i>\t\t\t\t\t\t<\/span>\n\t\t\t\t\t\t\t\t\t\t<span class=\"elementor-icon-list-text\">0757061313<\/span>\n\t\t\t\t\t\t\t\t\t\t\t<\/a>\n\t\t\t\t\t\t\t\t\t<\/li>\n\t\t\t\t\t\t<\/ul>\n\t\t\t\t<\/div>\n\t\t\t\t<\/div>\n\t\t\t\t\t<\/div>\n\t\t<\/div>\n\t\t\t\t\t\t\t<\/div>\n\t\t<\/section>\n\t\t\t\t\t\t\t<\/div>\n\t\t","protected":false},"excerpt":{"rendered":"<p>R\u00f3lunk Merotif SRL A Merotif SRL c\u00e9get 2014-ben alap\u00edtott\u00e1k mag\u00e1nt\u0151k\u00e9b\u0151l, 25 \u00e9ves tapasztalattal rendelkez\u0151 szakemberek az \u00e9p\u00edtkez\u00e9s, fel\u00faj\u00edt\u00e1s \u00e9s restaur\u00e1l\u00e1s ter\u00fclet\u00e9n. Azzal a sz\u00e1nd\u00e9kkal, hogy az \u00e9p\u00edt\u0151iparon t\u00fal, a szerel\u00e9sek \u00e9s a befejez\u0151 munk\u00e1latok ter\u00fclet\u00e9re is kiterjedt\u00fcnk, \u00edgy ma m\u00e1r teljesk\u00f6r\u0171 \u00e9p\u00edtkez\u00e9si \u00e9s szerel\u00e9si munk\u00e1kat ny\u00fajtunk, bele\u00e9rtve a hotelfel\u00faj\u00edt\u00e1sokat \u00e9s a r\u00e9gi \u00e9p\u00fcletek restaur\u00e1l\u00e1s\u00e1t is. &hellip;<\/p>\n<p class=\"read-more\"> <a class=\"\" href=\"https:\/\/merotif.com\/hu\/rolunk\/\"> <span class=\"screen-reader-text\">R\u00f3lunk<\/span> Read More \u00bb<\/a><\/p>\n","protected":false},"author":1,"featured_media":0,"parent":0,"menu_order":0,"comment_status":"closed","ping_status":"closed","template":"","meta":{"site-sidebar-layout":"no-sidebar","site-content-layout":"page-builder","ast-global-header-display":"","ast-main-header-display":"","ast-hfb-above-header-display":"","ast-hfb-below-header-display":"","ast-hfb-mobile-header-display":"","site-post-title":"disabled","ast-breadcrumbs-content":"","ast-featured-img":"disabled","footer-sml-layout":"","theme-transparent-header-meta":"","adv-header-id-meta":"","stick-header-meta":"","header-above-stick-meta":"","header-main-stick-meta":"","header-below-stick-meta":"","footnotes":""},"class_list":["post-1787","page","type-page","status-publish","hentry"],"_links":{"self":[{"href":"https:\/\/merotif.com\/hu\/wp-json\/wp\/v2\/pages\/1787","targetHints":{"allow":["GET"]}}],"collection":[{"href":"https:\/\/merotif.com\/hu\/wp-json\/wp\/v2\/pages"}],"about":[{"href":"https:\/\/merotif.com\/hu\/wp-json\/wp\/v2\/types\/page"}],"author":[{"embeddable":true,"href":"https:\/\/merotif.com\/hu\/wp-json\/wp\/v2\/users\/1"}],"replies":[{"embeddable":true,"href":"https:\/\/merotif.com\/hu\/wp-json\/wp\/v2\/comments?post=1787"}],"version-history":[{"count":5,"href":"https:\/\/merotif.com\/hu\/wp-json\/wp\/v2\/pages\/1787\/revisions"}],"predecessor-version":[{"id":1806,"href":"https:\/\/merotif.com\/hu\/wp-json\/wp\/v2\/pages\/1787\/revisions\/1806"}],"wp:attachment":[{"href":"https:\/\/merotif.com\/hu\/wp-json\/wp\/v2\/media?parent=1787"}],"curies":[{"name":"wp","href":"https:\/\/api.w.org\/{rel}","templated":true}]}}