{"id":1866,"date":"2022-01-24T12:58:52","date_gmt":"2022-01-24T12:58:52","guid":{"rendered":"https:\/\/merotif.com\/produs\/ppr-csatlakozo\/"},"modified":"2022-01-24T12:58:52","modified_gmt":"2022-01-24T12:58:52","slug":"ppr-csatlakozo","status":"publish","type":"product","link":"https:\/\/merotif.com\/hu\/termek\/ppr-csatlakozo\/","title":{"rendered":"PPR csatlakoz\u00f3"},"content":{"rendered":"","protected":false},"excerpt":{"rendered":"<p class=\"my-title\"> Tov\u00e1bbi term\u00e9kek\u00e9rt\/aj\u00e1nlatok\u00e9rt n\u00e9zze meg a katal\u00f3gust \u00e9s <a href=\"https:\/\/merotif.com\/hu\/ajanlatkeres\/\">k\u00e9rjen aj\u00e1nlatot<\/a>! <\/p>\n<p><a class=\"my-button\" href=\"https:\/\/merotif.com\/wp-content\/uploads\/2022\/01\/catalog-PPR-WAVIN.pdf\" target=\"_blank\" rel=\"noopener\">Katal\u00f3gus megtekint\u00e9se<\/a><\/p>\n","protected":false},"featured_media":1766,"comment_status":"open","ping_status":"closed","template":"","meta":{"site-sidebar-layout":"default","site-content-layout":"default","ast-global-header-display":"","ast-main-header-display":"","ast-hfb-above-header-display":"","ast-hfb-below-header-display":"","ast-hfb-mobile-header-display":"","site-post-title":"","ast-breadcrumbs-content":"","ast-featured-img":"","footer-sml-layout":"","theme-transparent-header-meta":"","adv-header-id-meta":"","stick-header-meta":"","header-above-stick-meta":"","header-main-stick-meta":"","header-below-stick-meta":""},"product_cat":[25],"product_tag":[],"class_list":["post-1866","product","type-product","status-publish","has-post-thumbnail","hentry","product_cat-nincs-kategorizalva","desktop-align-center","tablet-align-center","mobile-align-center","ast-product-gallery-layout-horizontal-slider","ast-product-single-variable","ast-product-tabs-layout-horizontal"],"_links":{"self":[{"href":"https:\/\/merotif.com\/hu\/wp-json\/wp\/v2\/product\/1866","targetHints":{"allow":["GET"]}}],"collection":[{"href":"https:\/\/merotif.com\/hu\/wp-json\/wp\/v2\/product"}],"about":[{"href":"https:\/\/merotif.com\/hu\/wp-json\/wp\/v2\/types\/product"}],"replies":[{"embeddable":true,"href":"https:\/\/merotif.com\/hu\/wp-json\/wp\/v2\/comments?post=1866"}],"wp:featuredmedia":[{"embeddable":true,"href":"https:\/\/merotif.com\/hu\/wp-json\/wp\/v2\/media\/1766"}],"wp:attachment":[{"href":"https:\/\/merotif.com\/hu\/wp-json\/wp\/v2\/media?parent=1866"}],"wp:term":[{"taxonomy":"product_cat","embeddable":true,"href":"https:\/\/merotif.com\/hu\/wp-json\/wp\/v2\/product_cat?post=1866"},{"taxonomy":"product_tag","embeddable":true,"href":"https:\/\/merotif.com\/hu\/wp-json\/wp\/v2\/product_tag?post=1866"}],"curies":[{"name":"wp","href":"https:\/\/api.w.org\/{rel}","templated":true}]}}